{"id":46,"date":"2022-06-30T10:33:31","date_gmt":"2022-06-30T10:33:31","guid":{"rendered":"https:\/\/demo.ovatheme.com\/tripgo\/?page_id=46"},"modified":"2023-10-23T19:15:20","modified_gmt":"2023-10-24T00:15:20","slug":"contact","status":"publish","type":"page","link":"https:\/\/voyagestayba.com\/fr\/contact\/","title":{"rendered":"Contact"},"content":{"rendered":"<div data-elementor-type=\"wp-page\" data-elementor-id=\"46\" class=\"elementor elementor-46\" data-elementor-post-type=\"page\">\n\t\t\t\t\t\t<section class=\"elementor-section elementor-top-section elementor-element elementor-element-7bb662e elementor-section-full_width elementor-section-height-default elementor-section-height-default\" data-id=\"7bb662e\" data-element_type=\"section\" data-e-type=\"section\" data-settings=\"{&quot;background_background&quot;:&quot;classic&quot;}\">\n\t\t\t\t\t\t<div class=\"elementor-container elementor-column-gap-no\">\n\t\t\t\t\t<div class=\"elementor-column elementor-col-100 elementor-top-column elementor-element elementor-element-28709de\" data-id=\"28709de\" data-element_type=\"column\" data-e-type=\"column\" data-settings=\"{&quot;background_background&quot;:&quot;classic&quot;}\">\n\t\t\t<div class=\"elementor-widget-wrap elementor-element-populated\">\n\t\t\t\t\t\t<div class=\"elementor-element elementor-element-5f286a1 elementor-widget elementor-widget-tripgo_elementor_heading\" data-id=\"5f286a1\" data-element_type=\"widget\" data-e-type=\"widget\" data-widget_type=\"tripgo_elementor_heading.default\">\n\t\t\t\t<div class=\"elementor-widget-container\">\n\t\t\t\t\t\t\t<div class=\"ova-title\">\r\n\r\n\t\t\t\t\t\t\t<h3 class=\"sub-title\">Contactez-nous<\/h3>\r\n\t\t\t\r\n\t\t\t\t\t\t\t\r\n\t\t\t\t\t<h2 class=\"title\">Entrez en contact avec nous<\/h2>\r\n\t\t\t\t\t\t\t\r\n\t\t\t\t\t\t\t<p class=\"description\"> Nous sommes \u00e0 votre disposition 7 jours sur 7 ! <\/p>\r\n\t\t\t\r\n\t\t<\/div> \r\n\t\t \t\r\n\t\t\t\t\t\t<\/div>\n\t\t\t\t<\/div>\n\t\t\t\t\t<\/div>\n\t\t<\/div>\n\t\t\t\t\t<\/div>\n\t\t<\/section>\n\t\t\t\t<section class=\"elementor-section elementor-top-section elementor-element elementor-element-d0f13c1 elementor-section-boxed elementor-section-height-default elementor-section-height-default\" data-id=\"d0f13c1\" data-element_type=\"section\" data-e-type=\"section\" data-settings=\"{&quot;background_background&quot;:&quot;classic&quot;}\">\n\t\t\t\t\t\t<div class=\"elementor-container elementor-column-gap-no\">\n\t\t\t\t\t<div class=\"elementor-column elementor-col-100 elementor-top-column elementor-element elementor-element-cf7269d\" data-id=\"cf7269d\" data-element_type=\"column\" data-e-type=\"column\" data-settings=\"{&quot;background_background&quot;:&quot;classic&quot;}\">\n\t\t\t<div class=\"elementor-widget-wrap elementor-element-populated\">\n\t\t\t\t\t\t<section class=\"elementor-section elementor-inner-section elementor-element elementor-element-6284eb0 elementor-section-boxed elementor-section-height-default elementor-section-height-default\" data-id=\"6284eb0\" data-element_type=\"section\" data-e-type=\"section\">\n\t\t\t\t\t\t<div class=\"elementor-container elementor-column-gap-no\">\n\t\t\t\t\t<div class=\"elementor-column elementor-col-33 elementor-inner-column elementor-element elementor-element-83b72d9\" data-id=\"83b72d9\" data-element_type=\"column\" data-e-type=\"column\">\n\t\t\t<div class=\"elementor-widget-wrap elementor-element-populated\">\n\t\t\t\t\t\t<div class=\"elementor-element elementor-element-3ca8648 elementor-widget elementor-widget-tripgo_elementor_contact_info\" data-id=\"3ca8648\" data-element_type=\"widget\" data-e-type=\"widget\" data-widget_type=\"tripgo_elementor_contact_info.default\">\n\t\t\t\t<div class=\"elementor-widget-container\">\n\t\t\t\t\t\t\t\t<div class=\"ova-contact-info\">\r\n\t\t\t\t\r\n\t\t\t\t\t\t\t\t\t<div class=\"icon\">\r\n\t\t\t\t\t\t<i aria-hidden=\"true\" class=\"icomoon icomoon-location\"><\/i>\t\t\t\t\t<\/div>\t\r\n\t\t\t\t\t\t\t\t\r\n\r\n\t\t\t\t<div class=\"contact\">\r\n\t\t\t\t\t\r\n\t\t\t\t\t\t\t\t\t\t\t<div class=\"label\">\r\n\t\t\t\t\t\t\tEmplacement de l&#039;agence\t\t\t\t\t\t<\/div>\r\n\t\t\t\t\t\r\n\t\t\t\t\t<ul class=\"info\">\r\n\t\t\t\t\t\t\r\n\t\t\t\t\t\t\t\t<li class=\"item\">\r\n\r\n\t\t\t\t\t\t\t\t\t<a href=\"https:\/\/goo.gl\/maps\/EbRmY6fQuevWhKaX9\"> 1130 boul. Cur\u00e9-Labelle, bureau 209, Laval, QC H7V 2V5<\/a>\t\t\t\t\t\t\t\t<\/li>\r\n\t\t\t\t\t\t\t\r\n\t\t\t\t\t\t\t\t\t\t\t<\/ul>\r\n\r\n\t\t\t\t<\/div>\r\n\r\n\t\t\t<\/div>\r\n\r\n\t\t\t\t\t\t<\/div>\n\t\t\t\t<\/div>\n\t\t\t\t<div class=\"elementor-element elementor-element-67667d1 elementor-widget elementor-widget-tripgo_elementor_contact_info\" data-id=\"67667d1\" data-element_type=\"widget\" data-e-type=\"widget\" data-widget_type=\"tripgo_elementor_contact_info.default\">\n\t\t\t\t<div class=\"elementor-widget-container\">\n\t\t\t\t\t\t\t\t<div class=\"ova-contact-info\">\r\n\t\t\t\t\r\n\t\t\t\t\t\t\t\t\t<div class=\"icon\">\r\n\t\t\t\t\t\t<i aria-hidden=\"true\" class=\"icomoon icomoon-call\"><\/i>\t\t\t\t\t<\/div>\t\r\n\t\t\t\t\t\t\t\t\r\n\r\n\t\t\t\t<div class=\"contact\">\r\n\t\t\t\t\t\r\n\t\t\t\t\t\t\t\t\t\t\t<div class=\"label\">\r\n\t\t\t\t\t\t\tLes num\u00e9ros de t\u00e9l\u00e9phone\t\t\t\t\t\t<\/div>\r\n\t\t\t\t\t\r\n\t\t\t\t\t<ul class=\"info\">\r\n\t\t\t\t\t\t\r\n\t\t\t\t\t\t\t\t<li class=\"item\">\r\n\r\n\t\t\t\t\t\t\t\t\t\t\t\t\t\t\t\t\t\t\t\t\t<a href=\"tel:(514)600-6136\">\r\n\t\t\t\t\t\t\t\t\t\t\t\t\t(514)600-6136\t\t\t\t\t\t\t\t\t\t\t\t<\/a>\r\n\t\t\t\t\t\t\t\t\t\t\t\t\t\t\t\t\t\t\t<\/li>\r\n\t\t\t\t\t\t\t\r\n\t\t\t\t\t\t\r\n\t\t\t\t\t\t\t\t<li class=\"item\">\r\n\r\n\t\t\t\t\t\t\t\t\t\t\t\t\t\t\t\t\t\t\t\t\t<a href=\"tel:(514)557-8723\">\r\n\t\t\t\t\t\t\t\t\t\t\t\t\t(514)557-8723\t\t\t\t\t\t\t\t\t\t\t\t<\/a>\r\n\t\t\t\t\t\t\t\t\t\t\t\t\t\t\t\t\t\t\t<\/li>\r\n\t\t\t\t\t\t\t\r\n\t\t\t\t\t\t\t\t\t\t\t<\/ul>\r\n\r\n\t\t\t\t<\/div>\r\n\r\n\t\t\t<\/div>\r\n\r\n\t\t\t\t\t\t<\/div>\n\t\t\t\t<\/div>\n\t\t\t\t<div class=\"elementor-element elementor-element-16aeb1f elementor-widget elementor-widget-tripgo_elementor_contact_info\" data-id=\"16aeb1f\" data-element_type=\"widget\" data-e-type=\"widget\" data-widget_type=\"tripgo_elementor_contact_info.default\">\n\t\t\t\t<div class=\"elementor-widget-container\">\n\t\t\t\t\t\t\t\t<div class=\"ova-contact-info\">\r\n\t\t\t\t\r\n\t\t\t\t\t\t\t\t\t<div class=\"icon\">\r\n\t\t\t\t\t\t<i aria-hidden=\"true\" class=\"icomoon icomoon-envelope\"><\/i>\t\t\t\t\t<\/div>\t\r\n\t\t\t\t\t\t\t\t\r\n\r\n\t\t\t\t<div class=\"contact\">\r\n\t\t\t\t\t\r\n\t\t\t\t\t\t\t\t\t\t\t<div class=\"label\">\r\n\t\t\t\t\t\t\tEnvoyez-nous un email\t\t\t\t\t\t<\/div>\r\n\t\t\t\t\t\r\n\t\t\t\t\t<ul class=\"info\">\r\n\t\t\t\t\t\t\r\n\t\t\t\t\t\t\t\t<li class=\"item\">\r\n\r\n\t\t\t\t\t\t\t\t\t\t\t\t\t\t\t\t\t\t\t\t\t<a href=\"mailto:info@voyagestayba.com\">\r\n\t\t\t\t\t\t\t\t\t\t\t\t\tinfo@voyagestayba.com\t\t\t\t\t\t\t\t\t\t\t\t<\/a>\r\n\t\t\t\t\t\t\t\t\t\t\t\t\t\t\t\t\t\t\t<\/li>\r\n\t\t\t\t\t\t\t\r\n\t\t\t\t\t\t\t\t\t\t\t<\/ul>\r\n\r\n\t\t\t\t<\/div>\r\n\r\n\t\t\t<\/div>\r\n\r\n\t\t\t\t\t\t<\/div>\n\t\t\t\t<\/div>\n\t\t\t\t<div class=\"elementor-element elementor-element-55f78d5 elementor-widget elementor-widget-tripgo_elementor_contact_form\" data-id=\"55f78d5\" data-element_type=\"widget\" data-e-type=\"widget\" data-widget_type=\"tripgo_elementor_contact_form.default\">\n\t\t\t\t<div class=\"elementor-widget-container\">\n\t\t\t\t\t\t\t\t<div class=\"ova-contact-form\">\r\n\t\t\t\t\r\n\t\t\t\t<div class=\"contact-info\">\r\n\t\t\t\t\t<img decoding=\"async\" data-src=\"https:\/\/demo.ovatheme.com\/tripgo\/wp-content\/uploads\/2022\/07\/avatar.png\" class=\"avatar lazyload\" alt=\"Need help?\"  src=\"data:image\/svg+xml;base64,PHN2ZyB3aWR0aD0iMSIgaGVpZ2h0PSIxIiB4bWxucz0iaHR0cDovL3d3dy53My5vcmcvMjAwMC9zdmciPjwvc3ZnPg==\">\r\n\t\t\t\t\t\r\n\t\t\t\t\t<div class=\"info\">\r\n\t\t\t\t\t\t\t\t\t\t\t\t\t<h6 class=\"label\">Besoin d&#039;aide?<\/h6>\r\n\t\t\t\t\t\t\t\t\t\t\t\t\r\n\t\t\t\t\t\t<span class=\"description\">Contactez l&#039;\u00e9quipe Tayba <\/span>\r\n\t\t\t\t\t\t\r\n\t\t\t\t\t\t\r\n\t\t\t\t\t\t\t<a href=\"tel:514 600-6136\" class=\"phone-address\" >\r\n\t\t\t\t\t\t\t\t514 600-6136\t\t\t\t\t\t\t<\/a>\r\n\r\n\t\t\t\t\t\t\r\n\t\t\t\t\t<\/div>\r\n\t\t\t\t<\/div>\r\n\t\t\t\t\r\n\t\t\t\t\t\t\t\t\r\n\t\t\t\t\t\t\t\t\t<span class=\"date\"> lundi - dimanche<\/span>\r\n\t\t\t\t\r\n\t\t\t\t\t\t\t\t\t<span class=\"time\"> 9h - 18h<\/span>\r\n\t\t\t\t\t\t\t\t\t\r\n\t\t\t<\/div>\r\n\r\n\t\t\t\t\t\t<\/div>\n\t\t\t\t<\/div>\n\t\t\t\t\t<\/div>\n\t\t<\/div>\n\t\t\t\t<div class=\"elementor-column elementor-col-66 elementor-inner-column elementor-element elementor-element-2b134d9\" data-id=\"2b134d9\" data-element_type=\"column\" data-e-type=\"column\">\n\t\t\t<div class=\"elementor-widget-wrap elementor-element-populated\">\n\t\t\t\t\t\t<div class=\"elementor-element elementor-element-5a04b7a elementor-widget elementor-widget-tripgo_elementor_heading\" data-id=\"5a04b7a\" data-element_type=\"widget\" data-e-type=\"widget\" data-widget_type=\"tripgo_elementor_heading.default\">\n\t\t\t\t<div class=\"elementor-widget-container\">\n\t\t\t\t\t\t\t<div class=\"ova-title\">\r\n\r\n\t\t\t\r\n\t\t\t\t\t\t\t\r\n\t\t\t\t\t<h4 class=\"title\">Laisser une r\u00e9ponse<\/h4>\r\n\t\t\t\t\t\t\t\r\n\t\t\t\t\t\t\t<p class=\"description\"> Votre adresse email ne sera pas publi\u00e9e. Les champs requis sont indiqu\u00e9s * <\/p>\r\n\t\t\t\r\n\t\t<\/div> \r\n\t\t \t\r\n\t\t\t\t\t\t<\/div>\n\t\t\t\t<\/div>\n\t\t\t\t<div class=\"elementor-element elementor-element-6d829f5 elementor-widget elementor-widget-shortcode\" data-id=\"6d829f5\" data-element_type=\"widget\" data-e-type=\"widget\" data-widget_type=\"shortcode.default\">\n\t\t\t\t<div class=\"elementor-widget-container\">\n\t\t\t\t\t\t\t<div class=\"elementor-shortcode\"><div class=\"forminator-ui forminator-custom-form forminator-custom-form-7524 forminator-design--default forminator-enclosed forminator_ajax\" data-forminator-render=\"0\" data-form=\"forminator-module-7524\" data-uid=\"69e07b96baab1\"><br\/><\/div><form\n\t\t\t\tid=\"forminator-module-7524\"\n\t\t\t\tclass=\"forminator-ui forminator-custom-form forminator-custom-form-7524 forminator-design--default forminator-enclosed forminator_ajax\"\n\t\t\t\tmethod=\"post\"\n\t\t\t\tdata-forminator-render=\"0\"\n\t\t\t\tdata-form-id=\"7524\"\n\t\t\t\t data-color-option=\"default\" data-design=\"default\" data-grid=\"enclosed\" style=\"display: none;\"\n\t\t\t\tdata-uid=\"69e07b96baab1\" action=\"\"\n\t\t\t><div role=\"alert\" aria-live=\"polite\" class=\"forminator-response-message forminator-error\" aria-hidden=\"true\"><\/div><div class=\"forminator-row\"><div id=\"select-1\" class=\"forminator-field-select forminator-col forminator-col-12\"><div class=\"forminator-field\"><label for=\"forminator-form-7524__field--select-1_69e07b96baab1\" id=\"forminator-form-7524__field--select-1_69e07b96baab1-label\" class=\"forminator-label\">Sujet<\/label><select  id=\"forminator-form-7524__field--select-1_69e07b96baab1\" class=\"forminator-select--field forminator-select2 forminator-select2-multiple\" data-required=\"\" name=\"select-1\" data-default-value=\"\" data-hidden-behavior=\"zero\" data-placeholder=\"\" data-search=\"false\" data-search-placeholder=\"\" data-checkbox=\"false\" data-allow-clear=\"false\" aria-labelledby=\"forminator-form-7524__field--select-1_69e07b96baab1-label\"><option value=\"one\"  data-calculation=\"0\">Omra<\/option><option value=\"two\"  data-calculation=\"0\">Hajj<\/option><option value=\"Boutique\"  data-calculation=\"0\">Boutique<\/option><option value=\"Organized-Tours\"  data-calculation=\"0\">Voyages organis\u00e9s<\/option><option value=\"Medical-Tourism\"  data-calculation=\"0\">Tourisme m\u00e9dical<\/option><\/select><\/div><\/div><\/div><div class=\"forminator-row\"><div id=\"name-1\" class=\"forminator-field-name forminator-col forminator-col-12\"><div class=\"forminator-field\"><input type=\"text\" name=\"name-1\" value=\"\" placeholder=\"Nom\" id=\"forminator-field-name-1_69e07b96baab1\" class=\"forminator-input forminator-name--field\" aria-required=\"true\" autocomplete=\"name\" \/><\/div><\/div><\/div><div class=\"forminator-row\"><div id=\"email-1\" class=\"forminator-field-email forminator-col forminator-col-12\"><div class=\"forminator-field\"><input type=\"email\" name=\"email-1\" value=\"\" placeholder=\"E-mail\" id=\"forminator-field-email-1_69e07b96baab1\" class=\"forminator-input forminator-email--field\" data-required=\"true\" aria-required=\"true\" autocomplete=\"email\" \/><\/div><\/div><\/div><div class=\"forminator-row\"><div id=\"phone-1\" class=\"forminator-field-phone forminator-col forminator-col-12\"><div class=\"forminator-field\"><input type=\"text\" name=\"phone-1\" value=\"\" placeholder=\"T\u00e9l\u00e9phone\" id=\"forminator-field-phone-1_69e07b96baab1\" class=\"forminator-input forminator-field--phone\" data-required=\"\" aria-required=\"false\" autocomplete=\"off\" \/><\/div><\/div><\/div><div class=\"forminator-row\"><div id=\"textarea-1\" class=\"forminator-field-textarea forminator-col forminator-col-12\"><div class=\"forminator-field\"><textarea name=\"textarea-1\" placeholder=\"Entrez votre message...\" id=\"forminator-field-textarea-1_69e07b96baab1\" class=\"forminator-textarea\" rows=\"6\" style=\"min-height:140px;\" maxlength=\"180\" ><\/textarea><span id=\"forminator-field-textarea-1_69e07b96baab1-description\" class=\"forminator-description\"><span data-limit=\"180\" data-type=\"characters\" data-editor=\"\">0 \/ 180<\/span><\/span><\/div><\/div><\/div><div class=\"forminator-row\"><div id=\"captcha-1\" class=\"forminator-field-captcha forminator-col forminator-col-12\"><div class=\"forminator-captcha-left forminator-g-recaptcha\" data-theme=\"light\"  data-sitekey=\"6Ldr8lQnAAAAAODdVtaxjKeUXSJwM2_z_fAQvib-\" data-size=\"normal\"><\/div> <\/div><\/div><input type=\"hidden\" name=\"referer_url\" value=\"\" \/><div class=\"forminator-row forminator-row-last\"><div class=\"forminator-col\"><div class=\"forminator-field\"><button class=\"forminator-button forminator-button-submit\">Envoyer le message<\/button><\/div><\/div><\/div><input type=\"hidden\" id=\"forminator_nonce\" name=\"forminator_nonce\" value=\"d27ca68369\" \/><input type=\"hidden\" name=\"_wp_http_referer\" value=\"\/fr\/wp-json\/wp\/v2\/pages\/46\" \/><input type=\"hidden\" name=\"form_id\" value=\"7524\"><input type=\"hidden\" name=\"page_id\" value=\"46\"><input type=\"hidden\" name=\"form_type\" value=\"default\"><input type=\"hidden\" name=\"current_url\" value=\"https:\/\/voyagestayba.com\/fr\/contact\/\"><input type=\"hidden\" name=\"render_id\" value=\"0\"><input type=\"hidden\" name=\"action\" value=\"forminator_submit_form_custom-forms\"><input type=\"hidden\" name=\"trp-form-language\" value=\"fr\"\/><\/form><\/div>\n\t\t\t\t\t\t<\/div>\n\t\t\t\t<\/div>\n\t\t\t\t\t<\/div>\n\t\t<\/div>\n\t\t\t\t\t<\/div>\n\t\t<\/section>\n\t\t\t\t\t<\/div>\n\t\t<\/div>\n\t\t\t\t\t<\/div>\n\t\t<\/section>\n\t\t\t\t<section class=\"elementor-section elementor-top-section elementor-element elementor-element-37f7d04 elementor-section-full_width elementor-section-height-default elementor-section-height-default\" data-id=\"37f7d04\" data-element_type=\"section\" data-e-type=\"section\">\n\t\t\t\t\t\t<div class=\"elementor-container elementor-column-gap-default\">\n\t\t\t\t\t<div class=\"elementor-column elementor-col-100 elementor-top-column elementor-element elementor-element-0cc9bc3\" data-id=\"0cc9bc3\" data-element_type=\"column\" data-e-type=\"column\">\n\t\t\t<div class=\"elementor-widget-wrap elementor-element-populated\">\n\t\t\t\t\t\t<div class=\"elementor-element elementor-element-ffc6bd3 elementor-widget elementor-widget-google_maps\" data-id=\"ffc6bd3\" data-element_type=\"widget\" data-e-type=\"widget\" data-widget_type=\"google_maps.default\">\n\t\t\t\t<div class=\"elementor-widget-container\">\n\t\t\t\t\t\t\t<div class=\"elementor-custom-embed\">\n\t\t\t<iframe\n\t\t\t\t\tdata-src=\"https:\/\/maps.google.com\/maps?q=1130%20blvd%20Cur%C3%A9-Labelle%2C%20suite%20209%2C%20Laval%2C%20QC%20H7V%202V5&#038;t=m&#038;z=13&#038;output=embed&#038;iwloc=near\"\n\t\t\t\t\ttitle=\"1130 boul. Cur\u00e9-Labelle, bureau 209, Laval, QC H7V 2V5\"\n\t\t\t\t\taria-label=\"1130 boul. Cur\u00e9-Labelle, bureau 209, Laval, QC H7V 2V5\"\n\t\t\t src=\"data:image\/svg+xml;base64,PHN2ZyB3aWR0aD0iMSIgaGVpZ2h0PSIxIiB4bWxucz0iaHR0cDovL3d3dy53My5vcmcvMjAwMC9zdmciPjwvc3ZnPg==\" class=\"lazyload\" data-load-mode=\"1\"><\/iframe>\n\t\t<\/div>\n\t\t\t\t\t\t<\/div>\n\t\t\t\t<\/div>\n\t\t\t\t\t<\/div>\n\t\t<\/div>\n\t\t\t\t\t<\/div>\n\t\t<\/section>\n\t\t\t\t<\/div>","protected":false},"excerpt":{"rendered":"<p>Contact us Get In Touch We are at your disposal 7 days a week! Agency Location 1130 blvd Cur\u00e9-Labelle, suite 209, Laval, QC H7V 2V5 Phone Numbers (514)600-6136 (514)557-8723 Email us info@voyagestayba.com Need help? Contact the Tayba team 514 600-6136 Mondays &#8211; Sundays 9am &#8211; 6pm Leave A Reply Your email address will not be [&hellip;]<\/p>\n","protected":false},"author":53,"featured_media":0,"parent":0,"menu_order":0,"comment_status":"closed","ping_status":"closed","template":"elementor_header_footer","meta":{"footnotes":""},"class_list":["post-46","page","type-page","status-publish","hentry"],"_links":{"self":[{"href":"https:\/\/voyagestayba.com\/fr\/wp-json\/wp\/v2\/pages\/46","targetHints":{"allow":["GET"]}}],"collection":[{"href":"https:\/\/voyagestayba.com\/fr\/wp-json\/wp\/v2\/pages"}],"about":[{"href":"https:\/\/voyagestayba.com\/fr\/wp-json\/wp\/v2\/types\/page"}],"author":[{"embeddable":true,"href":"https:\/\/voyagestayba.com\/fr\/wp-json\/wp\/v2\/users\/53"}],"replies":[{"embeddable":true,"href":"https:\/\/voyagestayba.com\/fr\/wp-json\/wp\/v2\/comments?post=46"}],"version-history":[{"count":0,"href":"https:\/\/voyagestayba.com\/fr\/wp-json\/wp\/v2\/pages\/46\/revisions"}],"wp:attachment":[{"href":"https:\/\/voyagestayba.com\/fr\/wp-json\/wp\/v2\/media?parent=46"}],"curies":[{"name":"wp","href":"https:\/\/api.w.org\/{rel}","templated":true}]}}