{"id":10180,"date":"2024-02-03T16:39:55","date_gmt":"2024-02-03T21:39:55","guid":{"rendered":"https:\/\/voyagestayba.com\/?page_id=10180"},"modified":"2024-02-14T23:19:30","modified_gmt":"2024-02-15T04:19:30","slug":"medical-tourism","status":"publish","type":"page","link":"https:\/\/voyagestayba.com\/fr\/medical-tourism\/","title":{"rendered":"Tourisme m\u00e9dical"},"content":{"rendered":"<div data-elementor-type=\"wp-page\" data-elementor-id=\"10180\" class=\"elementor elementor-10180\" data-elementor-post-type=\"page\">\n\t\t\t\t\t\t<section class=\"elementor-section elementor-top-section elementor-element elementor-element-d0f13c1 elementor-section-full_width elementor-section-height-default elementor-section-height-default\" data-id=\"d0f13c1\" data-element_type=\"section\" data-e-type=\"section\" data-settings=\"{&quot;background_background&quot;:&quot;classic&quot;}\">\n\t\t\t\t\t\t<div class=\"elementor-container elementor-column-gap-no\">\n\t\t\t\t\t<div class=\"elementor-column elementor-col-100 elementor-top-column elementor-element elementor-element-cf7269d\" data-id=\"cf7269d\" data-element_type=\"column\" data-e-type=\"column\" data-settings=\"{&quot;background_background&quot;:&quot;classic&quot;}\">\n\t\t\t<div class=\"elementor-widget-wrap elementor-element-populated\">\n\t\t\t\t\t\t<div class=\"elementor-element elementor-element-4575e71 elementor-widget elementor-widget-tripgo_elementor_heading\" data-id=\"4575e71\" data-element_type=\"widget\" data-e-type=\"widget\" data-widget_type=\"tripgo_elementor_heading.default\">\n\t\t\t\t<div class=\"elementor-widget-container\">\n\t\t\t\t\t\t\t<div class=\"ova-title\">\r\n\r\n\t\t\t\r\n\t\t\t\t\t\t\t\r\n\t\t\t\t\t<h2 class=\"title\">Tourisme m\u00e9dical<\/h2>\r\n\t\t\t\t\t\t\t\r\n\t\t\t\t\t\t\t<p class=\"description\"> LA TURQUIE est le pays qui offre des soins m\u00e9dicaux abordables et fiables aux prix les plus bas. <\/p>\r\n\t\t\t\r\n\t\t<\/div> \r\n\t\t \t\r\n\t\t\t\t\t\t<\/div>\n\t\t\t\t<\/div>\n\t\t\t\t<div class=\"elementor-element elementor-element-0fe91cd elementor-widget elementor-widget-text-editor\" data-id=\"0fe91cd\" data-element_type=\"widget\" data-e-type=\"widget\" data-widget_type=\"text-editor.default\">\n\t\t\t\t<div class=\"elementor-widget-container\">\n\t\t\t\t\t\t\t\t\t<p style=\"text-align: center;\">Un personnel m\u00e9dical dipl\u00f4m\u00e9, parlant couramment l&#039;anglais, ou \u00e0 votre demande, un guide bilingue (arabe\/fran\u00e7ais).<br \/>Soins m\u00e9dicaux et techniques de traitement de haute qualit\u00e9<br \/>Des \u00e9quipements de pointe en comp\u00e9tition avec les institutions europ\u00e9ennes<\/p>\t\t\t\t\t\t\t\t<\/div>\n\t\t\t\t<\/div>\n\t\t\t\t\t<\/div>\n\t\t<\/div>\n\t\t\t\t\t<\/div>\n\t\t<\/section>\n\t\t\t\t<section class=\"elementor-section elementor-top-section elementor-element elementor-element-e16e29f elementor-section-boxed elementor-section-height-default elementor-section-height-default\" data-id=\"e16e29f\" data-element_type=\"section\" data-e-type=\"section\">\n\t\t\t\t\t\t<div class=\"elementor-container elementor-column-gap-default\">\n\t\t\t\t\t<div class=\"elementor-column elementor-col-50 elementor-top-column elementor-element elementor-element-f1bfae9\" data-id=\"f1bfae9\" data-element_type=\"column\" data-e-type=\"column\">\n\t\t\t<div class=\"elementor-widget-wrap elementor-element-populated\">\n\t\t\t\t\t\t<div class=\"elementor-element elementor-element-b1c34ec elementor-widget elementor-widget-text-editor\" data-id=\"b1c34ec\" data-element_type=\"widget\" data-e-type=\"widget\" data-widget_type=\"text-editor.default\">\n\t\t\t\t<div class=\"elementor-widget-container\">\n\t\t\t\t\t\t\t\t\t<p>Les sp\u00e9cialit\u00e9s les plus importantes concern\u00e9es par le tourisme m\u00e9dical en Turquie sont :<\/p><ul><li>Greffes de cheveux<\/li><li>Implants dentaires<\/li><li>Chirurgie oculaire<\/li><li>Chirurgie esth\u00e9tique<\/li><li>Transplantation d&#039;organes<\/li><li>Chirurgie orthop\u00e9dique et traitement des traumatismes et des blessures<\/li><li>Traitement des tumeurs et des zones canc\u00e9reuses<\/li><li>Chirurgie cardiovasculaire<\/li><li>Tests et examens de contr\u00f4le<\/li><li>Soins m\u00e9dicaux<\/li><li>Autre<\/li><\/ul>\t\t\t\t\t\t\t\t<\/div>\n\t\t\t\t<\/div>\n\t\t\t\t\t<\/div>\n\t\t<\/div>\n\t\t\t\t<div class=\"elementor-column elementor-col-50 elementor-top-column elementor-element elementor-element-f033626\" data-id=\"f033626\" data-element_type=\"column\" data-e-type=\"column\">\n\t\t\t<div class=\"elementor-widget-wrap elementor-element-populated\">\n\t\t\t\t\t\t<div class=\"elementor-element elementor-element-8ce5dcb elementor-widget elementor-widget-image-gallery\" data-id=\"8ce5dcb\" data-element_type=\"widget\" data-e-type=\"widget\" data-widget_type=\"image-gallery.default\">\n\t\t\t\t<div class=\"elementor-widget-container\">\n\t\t\t\t\t\t\t<div class=\"elementor-image-gallery\">\n\t\t\t\n\t\t<style type=\"text\/css\">\n\t\t\t#gallery-1 {\n\t\t\t\tmargin: auto;\n\t\t\t}\n\t\t\t#gallery-1 .gallery-item {\n\t\t\t\tfloat: left;\n\t\t\t\tmargin-top: 10px;\n\t\t\t\ttext-align: center;\n\t\t\t\twidth: 50%;\n\t\t\t}\n\t\t\t#gallery-1 img {\n\t\t\t\tborder: 2px solid #cfcfcf;\n\t\t\t}\n\t\t\t#gallery-1 .gallery-caption {\n\t\t\t\tmargin-left: 0;\n\t\t\t}\n\t\t\t\/* see gallery_shortcode() in wp-includes\/media.php *\/\n\t\t<\/style>\n\t\t<div id='gallery-1' class='gallery galleryid-10180 gallery-columns-2 gallery-size-medium'><dl class='gallery-item'>\n\t\t\t<dt class='gallery-icon landscape'>\n\t\t\t\t<a data-elementor-open-lightbox=\"yes\" data-elementor-lightbox-slideshow=\"8ce5dcb\" data-elementor-lightbox-title=\"dentiste\" data-e-action-hash=\"#elementor-action%3Aaction%3Dlightbox%26settings%3DeyJpZCI6MTAxODcsInVybCI6Imh0dHBzOlwvXC92b3lhZ2VzdGF5YmEuY29tXC93cC1jb250ZW50XC91cGxvYWRzXC8yMDI0XC8wMlwvZGVudGlzdGUucG5nIiwic2xpZGVzaG93IjoiOGNlNWRjYiJ9\" href='https:\/\/voyagestayba.com\/wp-content\/uploads\/2024\/02\/dentiste.png'><img fetchpriority=\"high\" decoding=\"async\" width=\"300\" height=\"200\" src=\"https:\/\/voyagestayba.com\/wp-content\/uploads\/2024\/02\/dentiste-300x200.png\" class=\"attachment-medium size-medium\" alt=\"\" srcset=\"https:\/\/voyagestayba.com\/wp-content\/uploads\/2024\/02\/dentiste-300x200.png 300w, https:\/\/voyagestayba.com\/wp-content\/uploads\/2024\/02\/dentiste-400x267.png 400w, https:\/\/voyagestayba.com\/wp-content\/uploads\/2024\/02\/dentiste-768x512.png 768w, https:\/\/voyagestayba.com\/wp-content\/uploads\/2024\/02\/dentiste-18x12.png 18w, https:\/\/voyagestayba.com\/wp-content\/uploads\/2024\/02\/dentiste-636x426.png 636w, https:\/\/voyagestayba.com\/wp-content\/uploads\/2024\/02\/dentiste.png 1000w\" sizes=\"(max-width: 300px) 100vw, 300px\" \/><\/a>\n\t\t\t<\/dt><\/dl><dl class='gallery-item'>\n\t\t\t<dt class='gallery-icon landscape'>\n\t\t\t\t<a data-elementor-open-lightbox=\"yes\" data-elementor-lightbox-slideshow=\"8ce5dcb\" data-elementor-lightbox-title=\"hair\" data-e-action-hash=\"#elementor-action%3Aaction%3Dlightbox%26settings%3DeyJpZCI6MTAxOTMsInVybCI6Imh0dHBzOlwvXC92b3lhZ2VzdGF5YmEuY29tXC93cC1jb250ZW50XC91cGxvYWRzXC8yMDI0XC8wMlwvaGFpci5wbmciLCJzbGlkZXNob3ciOiI4Y2U1ZGNiIn0%3D\" href='https:\/\/voyagestayba.com\/wp-content\/uploads\/2024\/02\/hair.png'><img decoding=\"async\" width=\"300\" height=\"200\" data-src=\"https:\/\/voyagestayba.com\/wp-content\/uploads\/2024\/02\/hair-300x200.png\" class=\"attachment-medium size-medium lazyload\" alt=\"\" data-srcset=\"https:\/\/voyagestayba.com\/wp-content\/uploads\/2024\/02\/hair-300x200.png 300w, https:\/\/voyagestayba.com\/wp-content\/uploads\/2024\/02\/hair-400x267.png 400w, https:\/\/voyagestayba.com\/wp-content\/uploads\/2024\/02\/hair-768x512.png 768w, https:\/\/voyagestayba.com\/wp-content\/uploads\/2024\/02\/hair-18x12.png 18w, https:\/\/voyagestayba.com\/wp-content\/uploads\/2024\/02\/hair-636x426.png 636w, https:\/\/voyagestayba.com\/wp-content\/uploads\/2024\/02\/hair.png 1000w\" data-sizes=\"(max-width: 300px) 100vw, 300px\" src=\"data:image\/svg+xml;base64,PHN2ZyB3aWR0aD0iMSIgaGVpZ2h0PSIxIiB4bWxucz0iaHR0cDovL3d3dy53My5vcmcvMjAwMC9zdmciPjwvc3ZnPg==\" style=\"--smush-placeholder-width: 300px; --smush-placeholder-aspect-ratio: 300\/200;\" \/><\/a>\n\t\t\t<\/dt><\/dl><br style=\"clear: both\" \/><dl class='gallery-item'>\n\t\t\t<dt class='gallery-icon landscape'>\n\t\t\t\t<a data-elementor-open-lightbox=\"yes\" data-elementor-lightbox-slideshow=\"8ce5dcb\" data-elementor-lightbox-title=\"eye\" data-e-action-hash=\"#elementor-action%3Aaction%3Dlightbox%26settings%3DeyJpZCI6MTAxOTIsInVybCI6Imh0dHBzOlwvXC92b3lhZ2VzdGF5YmEuY29tXC93cC1jb250ZW50XC91cGxvYWRzXC8yMDI0XC8wMlwvZXllLnBuZyIsInNsaWRlc2hvdyI6IjhjZTVkY2IifQ%3D%3D\" href='https:\/\/voyagestayba.com\/wp-content\/uploads\/2024\/02\/eye.png'><img decoding=\"async\" width=\"300\" height=\"200\" data-src=\"https:\/\/voyagestayba.com\/wp-content\/uploads\/2024\/02\/eye-300x200.png\" class=\"attachment-medium size-medium lazyload\" alt=\"\" data-srcset=\"https:\/\/voyagestayba.com\/wp-content\/uploads\/2024\/02\/eye-300x200.png 300w, https:\/\/voyagestayba.com\/wp-content\/uploads\/2024\/02\/eye-400x267.png 400w, https:\/\/voyagestayba.com\/wp-content\/uploads\/2024\/02\/eye-768x512.png 768w, https:\/\/voyagestayba.com\/wp-content\/uploads\/2024\/02\/eye-18x12.png 18w, https:\/\/voyagestayba.com\/wp-content\/uploads\/2024\/02\/eye-636x426.png 636w, https:\/\/voyagestayba.com\/wp-content\/uploads\/2024\/02\/eye.png 1000w\" data-sizes=\"(max-width: 300px) 100vw, 300px\" src=\"data:image\/svg+xml;base64,PHN2ZyB3aWR0aD0iMSIgaGVpZ2h0PSIxIiB4bWxucz0iaHR0cDovL3d3dy53My5vcmcvMjAwMC9zdmciPjwvc3ZnPg==\" style=\"--smush-placeholder-width: 300px; --smush-placeholder-aspect-ratio: 300\/200;\" \/><\/a>\n\t\t\t<\/dt><\/dl><dl class='gallery-item'>\n\t\t\t<dt class='gallery-icon landscape'>\n\t\t\t\t<a data-elementor-open-lightbox=\"yes\" data-elementor-lightbox-slideshow=\"8ce5dcb\" data-elementor-lightbox-title=\"doct\" data-e-action-hash=\"#elementor-action%3Aaction%3Dlightbox%26settings%3DeyJpZCI6MTAxODksInVybCI6Imh0dHBzOlwvXC92b3lhZ2VzdGF5YmEuY29tXC93cC1jb250ZW50XC91cGxvYWRzXC8yMDI0XC8wMlwvZG9jdC5wbmciLCJzbGlkZXNob3ciOiI4Y2U1ZGNiIn0%3D\" href='https:\/\/voyagestayba.com\/wp-content\/uploads\/2024\/02\/doct.png'><img decoding=\"async\" width=\"300\" height=\"200\" data-src=\"https:\/\/voyagestayba.com\/wp-content\/uploads\/2024\/02\/doct-300x200.png\" class=\"attachment-medium size-medium lazyload\" alt=\"\" data-srcset=\"https:\/\/voyagestayba.com\/wp-content\/uploads\/2024\/02\/doct-300x200.png 300w, https:\/\/voyagestayba.com\/wp-content\/uploads\/2024\/02\/doct-400x267.png 400w, https:\/\/voyagestayba.com\/wp-content\/uploads\/2024\/02\/doct-768x512.png 768w, https:\/\/voyagestayba.com\/wp-content\/uploads\/2024\/02\/doct-18x12.png 18w, https:\/\/voyagestayba.com\/wp-content\/uploads\/2024\/02\/doct-636x426.png 636w, https:\/\/voyagestayba.com\/wp-content\/uploads\/2024\/02\/doct.png 1000w\" data-sizes=\"(max-width: 300px) 100vw, 300px\" src=\"data:image\/svg+xml;base64,PHN2ZyB3aWR0aD0iMSIgaGVpZ2h0PSIxIiB4bWxucz0iaHR0cDovL3d3dy53My5vcmcvMjAwMC9zdmciPjwvc3ZnPg==\" style=\"--smush-placeholder-width: 300px; --smush-placeholder-aspect-ratio: 300\/200;\" \/><\/a>\n\t\t\t<\/dt><\/dl><br style=\"clear: both\" \/>\n\t\t<\/div>\n\t\t<\/div>\n\t\t\t\t\t\t<\/div>\n\t\t\t\t<\/div>\n\t\t\t\t\t<\/div>\n\t\t<\/div>\n\t\t\t\t\t<\/div>\n\t\t<\/section>\n\t\t\t\t<\/div>","protected":false},"excerpt":{"rendered":"<p>Medical Tourism TURKEY is the country that offers affordable, reliable medical care at the lowest prices. A certified medical staff, fluent in English, or at your request, a bilingual guide (Arabic\/French).High-quality medical care and treatment techniquesState-of-the-art equipment in competition with European institutions The most important specialties affected by medical tourism in Turkey are : Hair [&hellip;]<\/p>\n","protected":false},"author":53,"featured_media":0,"parent":0,"menu_order":0,"comment_status":"closed","ping_status":"closed","template":"elementor_header_footer","meta":{"footnotes":""},"class_list":["post-10180","page","type-page","status-publish","hentry"],"_links":{"self":[{"href":"https:\/\/voyagestayba.com\/fr\/wp-json\/wp\/v2\/pages\/10180","targetHints":{"allow":["GET"]}}],"collection":[{"href":"https:\/\/voyagestayba.com\/fr\/wp-json\/wp\/v2\/pages"}],"about":[{"href":"https:\/\/voyagestayba.com\/fr\/wp-json\/wp\/v2\/types\/page"}],"author":[{"embeddable":true,"href":"https:\/\/voyagestayba.com\/fr\/wp-json\/wp\/v2\/users\/53"}],"replies":[{"embeddable":true,"href":"https:\/\/voyagestayba.com\/fr\/wp-json\/wp\/v2\/comments?post=10180"}],"version-history":[{"count":0,"href":"https:\/\/voyagestayba.com\/fr\/wp-json\/wp\/v2\/pages\/10180\/revisions"}],"wp:attachment":[{"href":"https:\/\/voyagestayba.com\/fr\/wp-json\/wp\/v2\/media?parent=10180"}],"curies":[{"name":"wp","href":"https:\/\/api.w.org\/{rel}","templated":true}]}}